{"id":35,"date":"2017-08-18T08:44:25","date_gmt":"2017-08-18T08:44:25","guid":{"rendered":"https:\/\/yisselvidente.com\/?page_id=35"},"modified":"2023-08-21T18:36:35","modified_gmt":"2023-08-21T17:36:35","slug":"lectura-cafe-cafeomancia","status":"publish","type":"page","link":"https:\/\/yisselvidente.com\/en\/lectura-cafe-cafeomancia","title":{"rendered":"COFFEE READING-TASSEOGRAPHY"},"content":{"rendered":"<p><img decoding=\"async\" class=\"wp-image-241 size-medium lazyload\" title=\"cafeomancia, lectura de caf\u00e9, adivinaci\u00f3n en Tenerife\" data-src=\"https:\/\/yisselvidente.com\/wp-content\/uploads\/2017\/08\/cafeomancia-300x212.jpeg\" alt=\"\" width=\"300\" height=\"212\" src=\"data:image\/svg+xml;base64,PHN2ZyB3aWR0aD0iMSIgaGVpZ2h0PSIxIiB4bWxucz0iaHR0cDovL3d3dy53My5vcmcvMjAwMC9zdmciPjwvc3ZnPg==\" style=\"--smush-placeholder-width: 300px; --smush-placeholder-aspect-ratio: 300\/212;\" \/><\/p>\n<p>In Tenerife. Quote by <a href=\"https:\/\/api.whatsapp.com\/send?phone=+34681060949\">whastapp al +34 681060949<\/a><\/p>\n<p>The coffee reading or\u00a0tasseography is a divinatory art that uses the remains or stains of the coffee taken by the person as a means, and which are left when the cup is overturned or also in a dish where part of it has been poured. There are several techniques of execution that many cultures from ancestral times practice, and transmit from generation to generation. Only people with this gift and experienced will be able to deduce the past, present and future through the figures that form the remains of coffee.<\/p>\n<p>You want to know more? <a href=\"http:\/\/www.teaanswers.com\/tea-leaf-reading\/\" target=\"_blank\" rel=\"noopener noreferrer\">click here<\/a><\/p>","protected":false},"excerpt":{"rendered":"<p>In Tenerife. Quote by whastapp al +34 681060949 The coffee reading or\u00a0tasseography is a divinatory art that uses the remains or stains of the coffee taken by the person as a means, and which are left when the cup is &#8230; <a class=\"more-link\" href=\"https:\/\/yisselvidente.com\/en\/lectura-cafe-cafeomancia\">Read More &raquo;<\/a><\/p>\n","protected":false},"author":1,"featured_media":0,"parent":0,"menu_order":0,"comment_status":"closed","ping_status":"closed","template":"","meta":{"footnotes":""},"class_list":["post-35","page","type-page","status-publish","hentry"],"yoast_head":"<!-- This site is optimized with the Yoast SEO plugin v27.3 - https:\/\/yoast.com\/product\/yoast-seo-wordpress\/ -->\n<title>COFFEE READING-TASSEOGRAPHY - Yissel real psychic<\/title>\n<meta name=\"description\" content=\"T\u00e9cnica adivinatoria mediante la lectura de caf\u00e9 o cafeomancia. Vidente de nacimiento, honesta y sincera.\" \/>\n<meta name=\"robots\" content=\"index, follow, max-snippet:-1, max-image-preview:large, max-video-preview:-1\" \/>\n<link rel=\"canonical\" href=\"https:\/\/yisselvidente.com\/lectura-cafe-cafeomancia\" \/>\n<meta property=\"og:locale\" content=\"en_US\" \/>\n<meta property=\"og:type\" content=\"article\" \/>\n<meta property=\"og:title\" content=\"COFFEE READING-TASSEOGRAPHY - Yissel real psychic\" \/>\n<meta property=\"og:description\" content=\"T\u00e9cnica adivinatoria mediante la lectura de caf\u00e9 o cafeomancia. Vidente de nacimiento, honesta y sincera.\" \/>\n<meta property=\"og:url\" content=\"https:\/\/yisselvidente.com\/lectura-cafe-cafeomancia\" \/>\n<meta property=\"og:site_name\" content=\"Yissel real psychic\" \/>\n<meta property=\"article:publisher\" content=\"https:\/\/www.facebook.com\/Yissel-Vidente-111654882843666\/\" \/>\n<meta property=\"article:modified_time\" content=\"2023-08-21T17:36:35+00:00\" \/>\n<meta property=\"og:image\" content=\"https:\/\/yisselvidente.com\/wp-content\/uploads\/2017\/08\/cafeomancia-300x212.jpeg\" \/>\n<meta name=\"twitter:card\" content=\"summary_large_image\" \/>\n<meta name=\"twitter:site\" content=\"@yisselvidente\" \/>\n<meta name=\"twitter:label1\" content=\"Est. reading time\" \/>\n\t<meta name=\"twitter:data1\" content=\"2 minutes\" \/>\n<script type=\"application\/ld+json\" class=\"yoast-schema-graph\">{\"@context\":\"https:\\\/\\\/schema.org\",\"@graph\":[{\"@type\":\"WebPage\",\"@id\":\"https:\\\/\\\/yisselvidente.com\\\/lectura-cafe-cafeomancia\",\"url\":\"https:\\\/\\\/yisselvidente.com\\\/lectura-cafe-cafeomancia\",\"name\":\"[:es]LECTURA DE CAFE-CAFEOMANCIA[:en]COFFEE READING-TASSEOGRAPHY[:] - Yissel real psychic\",\"isPartOf\":{\"@id\":\"https:\\\/\\\/yisselvidente.com\\\/#website\"},\"primaryImageOfPage\":{\"@id\":\"https:\\\/\\\/yisselvidente.com\\\/lectura-cafe-cafeomancia#primaryimage\"},\"image\":{\"@id\":\"https:\\\/\\\/yisselvidente.com\\\/lectura-cafe-cafeomancia#primaryimage\"},\"thumbnailUrl\":\"https:\\\/\\\/yisselvidente.com\\\/wp-content\\\/uploads\\\/2017\\\/08\\\/cafeomancia-300x212.jpeg\",\"datePublished\":\"2017-08-18T08:44:25+00:00\",\"dateModified\":\"2023-08-21T17:36:35+00:00\",\"description\":\"{:es}T\u00e9cnica adivinatoria mediante la lectura de caf\u00e9 o cafeomancia. Vidente de nacimiento, honesta y sincera. {:en}T\u00e9cnica adivinatoria mediante la lectura de caf\u00e9 o cafeomancia. Vidente de nacimiento, honesta y sincera.{:}\",\"breadcrumb\":{\"@id\":\"https:\\\/\\\/yisselvidente.com\\\/lectura-cafe-cafeomancia#breadcrumb\"},\"inLanguage\":\"en-US\",\"potentialAction\":[{\"@type\":\"ReadAction\",\"target\":[\"https:\\\/\\\/yisselvidente.com\\\/lectura-cafe-cafeomancia\"]}]},{\"@type\":\"ImageObject\",\"inLanguage\":\"en-US\",\"@id\":\"https:\\\/\\\/yisselvidente.com\\\/lectura-cafe-cafeomancia#primaryimage\",\"url\":\"https:\\\/\\\/yisselvidente.com\\\/wp-content\\\/uploads\\\/2017\\\/08\\\/cafeomancia-300x212.jpeg\",\"contentUrl\":\"https:\\\/\\\/yisselvidente.com\\\/wp-content\\\/uploads\\\/2017\\\/08\\\/cafeomancia-300x212.jpeg\"},{\"@type\":\"BreadcrumbList\",\"@id\":\"https:\\\/\\\/yisselvidente.com\\\/lectura-cafe-cafeomancia#breadcrumb\",\"itemListElement\":[{\"@type\":\"ListItem\",\"position\":1,\"name\":\"Portada\",\"item\":\"https:\\\/\\\/yisselvidente.com\\\/\"},{\"@type\":\"ListItem\",\"position\":2,\"name\":\"LECTURA DE CAFE-CAFEOMANCIA\"}]},{\"@type\":\"WebSite\",\"@id\":\"https:\\\/\\\/yisselvidente.com\\\/#website\",\"url\":\"https:\\\/\\\/yisselvidente.com\\\/\",\"name\":\"Yissel Vidente verdadera\",\"description\":\"Natural born psychic, honest and direct. Clairvoyant and medium.  Card reading, tarot, spells rituals, sentimental adviser, speciality relationship problems\",\"potentialAction\":[{\"@type\":\"SearchAction\",\"target\":{\"@type\":\"EntryPoint\",\"urlTemplate\":\"https:\\\/\\\/yisselvidente.com\\\/?s={search_term_string}\"},\"query-input\":{\"@type\":\"PropertyValueSpecification\",\"valueRequired\":true,\"valueName\":\"search_term_string\"}}],\"inLanguage\":\"en-US\"}]}<\/script>\n<!-- \/ Yoast SEO plugin. -->","yoast_head_json":{"title":"COFFEE READING-TASSEOGRAPHY - Yissel real psychic","description":"T\u00e9cnica adivinatoria mediante la lectura de caf\u00e9 o cafeomancia. Vidente de nacimiento, honesta y sincera.","robots":{"index":"index","follow":"follow","max-snippet":"max-snippet:-1","max-image-preview":"max-image-preview:large","max-video-preview":"max-video-preview:-1"},"canonical":"https:\/\/yisselvidente.com\/lectura-cafe-cafeomancia","og_locale":"en_US","og_type":"article","og_title":"COFFEE READING-TASSEOGRAPHY - Yissel real psychic","og_description":"T\u00e9cnica adivinatoria mediante la lectura de caf\u00e9 o cafeomancia. Vidente de nacimiento, honesta y sincera.","og_url":"https:\/\/yisselvidente.com\/lectura-cafe-cafeomancia","og_site_name":"Yissel real psychic","article_publisher":"https:\/\/www.facebook.com\/Yissel-Vidente-111654882843666\/","article_modified_time":"2023-08-21T17:36:35+00:00","og_image":[{"url":"https:\/\/yisselvidente.com\/wp-content\/uploads\/2017\/08\/cafeomancia-300x212.jpeg","type":"","width":"","height":""}],"twitter_card":"summary_large_image","twitter_site":"@yisselvidente","twitter_misc":{"Est. reading time":"2 minutes"},"schema":{"@context":"https:\/\/schema.org","@graph":[{"@type":"WebPage","@id":"https:\/\/yisselvidente.com\/lectura-cafe-cafeomancia","url":"https:\/\/yisselvidente.com\/lectura-cafe-cafeomancia","name":"[:es]LECTURA DE CAFE-CAFEOMANCIA[:en]COFFEE READING-TASSEOGRAPHY[:] - Yissel real psychic","isPartOf":{"@id":"https:\/\/yisselvidente.com\/#website"},"primaryImageOfPage":{"@id":"https:\/\/yisselvidente.com\/lectura-cafe-cafeomancia#primaryimage"},"image":{"@id":"https:\/\/yisselvidente.com\/lectura-cafe-cafeomancia#primaryimage"},"thumbnailUrl":"https:\/\/yisselvidente.com\/wp-content\/uploads\/2017\/08\/cafeomancia-300x212.jpeg","datePublished":"2017-08-18T08:44:25+00:00","dateModified":"2023-08-21T17:36:35+00:00","description":"{:es}T\u00e9cnica adivinatoria mediante la lectura de caf\u00e9 o cafeomancia. Vidente de nacimiento, honesta y sincera. {:en}T\u00e9cnica adivinatoria mediante la lectura de caf\u00e9 o cafeomancia. Vidente de nacimiento, honesta y sincera.{:}","breadcrumb":{"@id":"https:\/\/yisselvidente.com\/lectura-cafe-cafeomancia#breadcrumb"},"inLanguage":"en-US","potentialAction":[{"@type":"ReadAction","target":["https:\/\/yisselvidente.com\/lectura-cafe-cafeomancia"]}]},{"@type":"ImageObject","inLanguage":"en-US","@id":"https:\/\/yisselvidente.com\/lectura-cafe-cafeomancia#primaryimage","url":"https:\/\/yisselvidente.com\/wp-content\/uploads\/2017\/08\/cafeomancia-300x212.jpeg","contentUrl":"https:\/\/yisselvidente.com\/wp-content\/uploads\/2017\/08\/cafeomancia-300x212.jpeg"},{"@type":"BreadcrumbList","@id":"https:\/\/yisselvidente.com\/lectura-cafe-cafeomancia#breadcrumb","itemListElement":[{"@type":"ListItem","position":1,"name":"Portada","item":"https:\/\/yisselvidente.com\/"},{"@type":"ListItem","position":2,"name":"LECTURA DE CAFE-CAFEOMANCIA"}]},{"@type":"WebSite","@id":"https:\/\/yisselvidente.com\/#website","url":"https:\/\/yisselvidente.com\/","name":"Yissel Vidente verdadera","description":"Natural born psychic, honest and direct. Clairvoyant and medium.  Card reading, tarot, spells rituals, sentimental adviser, speciality relationship problems","potentialAction":[{"@type":"SearchAction","target":{"@type":"EntryPoint","urlTemplate":"https:\/\/yisselvidente.com\/?s={search_term_string}"},"query-input":{"@type":"PropertyValueSpecification","valueRequired":true,"valueName":"search_term_string"}}],"inLanguage":"en-US"}]}},"_links":{"self":[{"href":"https:\/\/yisselvidente.com\/en\/wp-json\/wp\/v2\/pages\/35","targetHints":{"allow":["GET"]}}],"collection":[{"href":"https:\/\/yisselvidente.com\/en\/wp-json\/wp\/v2\/pages"}],"about":[{"href":"https:\/\/yisselvidente.com\/en\/wp-json\/wp\/v2\/types\/page"}],"author":[{"embeddable":true,"href":"https:\/\/yisselvidente.com\/en\/wp-json\/wp\/v2\/users\/1"}],"replies":[{"embeddable":true,"href":"https:\/\/yisselvidente.com\/en\/wp-json\/wp\/v2\/comments?post=35"}],"version-history":[{"count":27,"href":"https:\/\/yisselvidente.com\/en\/wp-json\/wp\/v2\/pages\/35\/revisions"}],"predecessor-version":[{"id":959,"href":"https:\/\/yisselvidente.com\/en\/wp-json\/wp\/v2\/pages\/35\/revisions\/959"}],"wp:attachment":[{"href":"https:\/\/yisselvidente.com\/en\/wp-json\/wp\/v2\/media?parent=35"}],"curies":[{"name":"wp","href":"https:\/\/api.w.org\/{rel}","templated":true}]}}