{"id":634,"date":"2018-11-09T16:12:41","date_gmt":"2018-11-09T15:12:41","guid":{"rendered":"https:\/\/yisselvidente.com\/?page_id=634"},"modified":"2021-03-08T17:37:08","modified_gmt":"2021-03-08T16:37:08","slug":"psychic-photo-reading","status":"publish","type":"page","link":"https:\/\/yisselvidente.com\/en\/psychic-photo-reading","title":{"rendered":"PSYCHIC PHOTO READING"},"content":{"rendered":"<p>One of my specialties as a psychic is reading photo.<\/p>\r\n<p>I can read a picture psychically and get very valuable information about it.<\/p>\r\n<p>Send me a photo of a person or couple and you will be surprised by the information I can provide you with them.<\/p>\r\n<p>You can try it<\/p>\r\n<p><a href=\"https:\/\/yisselvidente.com\/contacto\"><em><strong>CONTACT WITH ME<\/strong><\/em><\/a><\/p>\r\n<figure id=\"attachment_635\" aria-describedby=\"caption-attachment-635\" style=\"width: 300px\" class=\"wp-caption aligncenter\"><img decoding=\"async\" class=\"wp-image-635 size-medium lazyload\" title=\"READING PHOTOS, READING CARD, TAROT, SPELLS, RITUALS, WHITE MAGIC, MEDIUM,\" data-src=\"https:\/\/yisselvidente.com\/wp-content\/uploads\/2018\/11\/photographs-1209751_1280-300x200.jpg\" alt=\"YISSEL REAL PSYCHIC READING PHOTO, TAROT,READING PHOTOS, READING CARD, TAROT, SPELLS, RITUALS, WHITE MAGIC, MEDIUM,\" width=\"300\" height=\"200\" src=\"data:image\/svg+xml;base64,PHN2ZyB3aWR0aD0iMSIgaGVpZ2h0PSIxIiB4bWxucz0iaHR0cDovL3d3dy53My5vcmcvMjAwMC9zdmciPjwvc3ZnPg==\" style=\"--smush-placeholder-width: 300px; --smush-placeholder-aspect-ratio: 300\/200;\" \/><figcaption id=\"caption-attachment-635\" class=\"wp-caption-text\">PSYCHIC READING PHOTO<\/figcaption><\/figure>\r\n<figure id=\"attachment_758\" aria-describedby=\"caption-attachment-758\" style=\"width: 300px\" class=\"wp-caption aligncenter\"><img decoding=\"async\" class=\"wp-image-758 size-medium lazyload\" data-src=\"https:\/\/yisselvidente.com\/wp-content\/uploads\/2019\/04\/anuncio-lectura-fotos-ingles-300x200.jpg\" alt=\"\" width=\"300\" height=\"200\" src=\"data:image\/svg+xml;base64,PHN2ZyB3aWR0aD0iMSIgaGVpZ2h0PSIxIiB4bWxucz0iaHR0cDovL3d3dy53My5vcmcvMjAwMC9zdmciPjwvc3ZnPg==\" style=\"--smush-placeholder-width: 300px; --smush-placeholder-aspect-ratio: 300\/200;\" \/><figcaption id=\"caption-attachment-758\" class=\"wp-caption-text\">PHOTO READING<\/figcaption><\/figure>\r\n<p><\/p>","protected":false},"excerpt":{"rendered":"<p>One of my specialties as a psychic is reading photo. I can read a picture psychically and get very valuable information about it. Send me a photo of a person or couple and you will be surprised by the information &#8230; <a class=\"more-link\" href=\"https:\/\/yisselvidente.com\/en\/psychic-photo-reading\">Read More &raquo;<\/a><\/p>\n","protected":false},"author":1,"featured_media":0,"parent":0,"menu_order":0,"comment_status":"closed","ping_status":"closed","template":"","meta":{"footnotes":""},"class_list":["post-634","page","type-page","status-publish","hentry"],"yoast_head":"<!-- This site is optimized with the Yoast SEO plugin v27.5 - https:\/\/yoast.com\/product\/yoast-seo-wordpress\/ -->\n<title>PSYCHIC PHOTO READING  - Yissel real psychic<\/title>\n<meta name=\"description\" content=\"Vidente verdadera y honesta. Especialista lectura ps\u00edquica de fotos. Enviame la imagen de una persona o pareja y te sorprender\u00e1 la informaci\u00f3n que obtendr\u00e9.\" \/>\n<meta name=\"robots\" content=\"index, follow, max-snippet:-1, max-image-preview:large, max-video-preview:-1\" \/>\n<link rel=\"canonical\" href=\"https:\/\/yisselvidente.com\/psychic-photo-reading\" \/>\n<meta property=\"og:locale\" content=\"en_US\" \/>\n<meta property=\"og:type\" content=\"article\" \/>\n<meta property=\"og:title\" content=\"PSYCHIC PHOTO READING  - Yissel real psychic\" \/>\n<meta property=\"og:description\" content=\"Vidente verdadera y honesta. Especialista lectura ps\u00edquica de fotos. Enviame la imagen de una persona o pareja y te sorprender\u00e1 la informaci\u00f3n que obtendr\u00e9.\" \/>\n<meta property=\"og:url\" content=\"https:\/\/yisselvidente.com\/psychic-photo-reading\" \/>\n<meta property=\"og:site_name\" content=\"Yissel real psychic\" \/>\n<meta property=\"article:publisher\" content=\"https:\/\/www.facebook.com\/Yissel-Vidente-111654882843666\/\" \/>\n<meta property=\"article:modified_time\" content=\"2021-03-08T16:37:08+00:00\" \/>\n<meta property=\"og:image\" content=\"https:\/\/yisselvidente.com\/wp-content\/uploads\/2018\/11\/photographs-1209751_1280-300x200.jpg\" \/>\n<meta name=\"twitter:card\" content=\"summary_large_image\" \/>\n<meta name=\"twitter:site\" content=\"@yisselvidente\" \/>\n<meta name=\"twitter:label1\" content=\"Est. reading time\" \/>\n\t<meta name=\"twitter:data1\" content=\"2 minutes\" \/>\n<script type=\"application\/ld+json\" class=\"yoast-schema-graph\">{\"@context\":\"https:\\\/\\\/schema.org\",\"@graph\":[{\"@type\":\"WebPage\",\"@id\":\"https:\\\/\\\/yisselvidente.com\\\/psychic-photo-reading\",\"url\":\"https:\\\/\\\/yisselvidente.com\\\/psychic-photo-reading\",\"name\":\"[:es]LECTURA PSIQUICA DE FOTOS[:en]PSYCHIC PHOTO READING [:] - Yissel real psychic\",\"isPartOf\":{\"@id\":\"https:\\\/\\\/yisselvidente.com\\\/#website\"},\"primaryImageOfPage\":{\"@id\":\"https:\\\/\\\/yisselvidente.com\\\/psychic-photo-reading#primaryimage\"},\"image\":{\"@id\":\"https:\\\/\\\/yisselvidente.com\\\/psychic-photo-reading#primaryimage\"},\"thumbnailUrl\":\"https:\\\/\\\/yisselvidente.com\\\/wp-content\\\/uploads\\\/2018\\\/11\\\/photographs-1209751_1280-300x200.jpg\",\"datePublished\":\"2018-11-09T15:12:41+00:00\",\"dateModified\":\"2021-03-08T16:37:08+00:00\",\"description\":\"Vidente verdadera y honesta. Especialista lectura ps\u00edquica de fotos. Enviame la imagen de una persona o pareja y te sorprender\u00e1 la informaci\u00f3n que obtendr\u00e9.\",\"breadcrumb\":{\"@id\":\"https:\\\/\\\/yisselvidente.com\\\/psychic-photo-reading#breadcrumb\"},\"inLanguage\":\"en-US\",\"potentialAction\":[{\"@type\":\"ReadAction\",\"target\":[\"https:\\\/\\\/yisselvidente.com\\\/psychic-photo-reading\"]}]},{\"@type\":\"ImageObject\",\"inLanguage\":\"en-US\",\"@id\":\"https:\\\/\\\/yisselvidente.com\\\/psychic-photo-reading#primaryimage\",\"url\":\"https:\\\/\\\/yisselvidente.com\\\/wp-content\\\/uploads\\\/2018\\\/11\\\/photographs-1209751_1280-300x200.jpg\",\"contentUrl\":\"https:\\\/\\\/yisselvidente.com\\\/wp-content\\\/uploads\\\/2018\\\/11\\\/photographs-1209751_1280-300x200.jpg\"},{\"@type\":\"BreadcrumbList\",\"@id\":\"https:\\\/\\\/yisselvidente.com\\\/psychic-photo-reading#breadcrumb\",\"itemListElement\":[{\"@type\":\"ListItem\",\"position\":1,\"name\":\"Portada\",\"item\":\"https:\\\/\\\/yisselvidente.com\\\/\"},{\"@type\":\"ListItem\",\"position\":2,\"name\":\"LECTURA PSIQUICA DE FOTOS\"}]},{\"@type\":\"WebSite\",\"@id\":\"https:\\\/\\\/yisselvidente.com\\\/#website\",\"url\":\"https:\\\/\\\/yisselvidente.com\\\/\",\"name\":\"Yissel Vidente verdadera\",\"description\":\"Natural born psychic, honest and direct. Clairvoyant and medium.  Card reading, tarot, spells rituals, sentimental adviser, speciality relationship problems\",\"potentialAction\":[{\"@type\":\"SearchAction\",\"target\":{\"@type\":\"EntryPoint\",\"urlTemplate\":\"https:\\\/\\\/yisselvidente.com\\\/?s={search_term_string}\"},\"query-input\":{\"@type\":\"PropertyValueSpecification\",\"valueRequired\":true,\"valueName\":\"search_term_string\"}}],\"inLanguage\":\"en-US\"}]}<\/script>\n<!-- \/ Yoast SEO plugin. -->","yoast_head_json":{"title":"PSYCHIC PHOTO READING  - Yissel real psychic","description":"Vidente verdadera y honesta. Especialista lectura ps\u00edquica de fotos. Enviame la imagen de una persona o pareja y te sorprender\u00e1 la informaci\u00f3n que obtendr\u00e9.","robots":{"index":"index","follow":"follow","max-snippet":"max-snippet:-1","max-image-preview":"max-image-preview:large","max-video-preview":"max-video-preview:-1"},"canonical":"https:\/\/yisselvidente.com\/psychic-photo-reading","og_locale":"en_US","og_type":"article","og_title":"PSYCHIC PHOTO READING  - Yissel real psychic","og_description":"Vidente verdadera y honesta. Especialista lectura ps\u00edquica de fotos. Enviame la imagen de una persona o pareja y te sorprender\u00e1 la informaci\u00f3n que obtendr\u00e9.","og_url":"https:\/\/yisselvidente.com\/psychic-photo-reading","og_site_name":"Yissel real psychic","article_publisher":"https:\/\/www.facebook.com\/Yissel-Vidente-111654882843666\/","article_modified_time":"2021-03-08T16:37:08+00:00","og_image":[{"url":"https:\/\/yisselvidente.com\/wp-content\/uploads\/2018\/11\/photographs-1209751_1280-300x200.jpg","type":"","width":"","height":""}],"twitter_card":"summary_large_image","twitter_site":"@yisselvidente","twitter_misc":{"Est. reading time":"2 minutes"},"schema":{"@context":"https:\/\/schema.org","@graph":[{"@type":"WebPage","@id":"https:\/\/yisselvidente.com\/psychic-photo-reading","url":"https:\/\/yisselvidente.com\/psychic-photo-reading","name":"[:es]LECTURA PSIQUICA DE FOTOS[:en]PSYCHIC PHOTO READING [:] - Yissel real psychic","isPartOf":{"@id":"https:\/\/yisselvidente.com\/#website"},"primaryImageOfPage":{"@id":"https:\/\/yisselvidente.com\/psychic-photo-reading#primaryimage"},"image":{"@id":"https:\/\/yisselvidente.com\/psychic-photo-reading#primaryimage"},"thumbnailUrl":"https:\/\/yisselvidente.com\/wp-content\/uploads\/2018\/11\/photographs-1209751_1280-300x200.jpg","datePublished":"2018-11-09T15:12:41+00:00","dateModified":"2021-03-08T16:37:08+00:00","description":"Vidente verdadera y honesta. Especialista lectura ps\u00edquica de fotos. Enviame la imagen de una persona o pareja y te sorprender\u00e1 la informaci\u00f3n que obtendr\u00e9.","breadcrumb":{"@id":"https:\/\/yisselvidente.com\/psychic-photo-reading#breadcrumb"},"inLanguage":"en-US","potentialAction":[{"@type":"ReadAction","target":["https:\/\/yisselvidente.com\/psychic-photo-reading"]}]},{"@type":"ImageObject","inLanguage":"en-US","@id":"https:\/\/yisselvidente.com\/psychic-photo-reading#primaryimage","url":"https:\/\/yisselvidente.com\/wp-content\/uploads\/2018\/11\/photographs-1209751_1280-300x200.jpg","contentUrl":"https:\/\/yisselvidente.com\/wp-content\/uploads\/2018\/11\/photographs-1209751_1280-300x200.jpg"},{"@type":"BreadcrumbList","@id":"https:\/\/yisselvidente.com\/psychic-photo-reading#breadcrumb","itemListElement":[{"@type":"ListItem","position":1,"name":"Portada","item":"https:\/\/yisselvidente.com\/"},{"@type":"ListItem","position":2,"name":"LECTURA PSIQUICA DE FOTOS"}]},{"@type":"WebSite","@id":"https:\/\/yisselvidente.com\/#website","url":"https:\/\/yisselvidente.com\/","name":"Yissel Vidente verdadera","description":"Natural born psychic, honest and direct. Clairvoyant and medium.  Card reading, tarot, spells rituals, sentimental adviser, speciality relationship problems","potentialAction":[{"@type":"SearchAction","target":{"@type":"EntryPoint","urlTemplate":"https:\/\/yisselvidente.com\/?s={search_term_string}"},"query-input":{"@type":"PropertyValueSpecification","valueRequired":true,"valueName":"search_term_string"}}],"inLanguage":"en-US"}]}},"_links":{"self":[{"href":"https:\/\/yisselvidente.com\/en\/wp-json\/wp\/v2\/pages\/634","targetHints":{"allow":["GET"]}}],"collection":[{"href":"https:\/\/yisselvidente.com\/en\/wp-json\/wp\/v2\/pages"}],"about":[{"href":"https:\/\/yisselvidente.com\/en\/wp-json\/wp\/v2\/types\/page"}],"author":[{"embeddable":true,"href":"https:\/\/yisselvidente.com\/en\/wp-json\/wp\/v2\/users\/1"}],"replies":[{"embeddable":true,"href":"https:\/\/yisselvidente.com\/en\/wp-json\/wp\/v2\/comments?post=634"}],"version-history":[{"count":10,"href":"https:\/\/yisselvidente.com\/en\/wp-json\/wp\/v2\/pages\/634\/revisions"}],"predecessor-version":[{"id":949,"href":"https:\/\/yisselvidente.com\/en\/wp-json\/wp\/v2\/pages\/634\/revisions\/949"}],"wp:attachment":[{"href":"https:\/\/yisselvidente.com\/en\/wp-json\/wp\/v2\/media?parent=634"}],"curies":[{"name":"wp","href":"https:\/\/api.w.org\/{rel}","templated":true}]}}