{"id":644,"date":"2018-11-09T19:39:04","date_gmt":"2018-11-09T18:39:04","guid":{"rendered":"https:\/\/yisselvidente.com\/?page_id=644"},"modified":"2021-03-08T17:38:42","modified_gmt":"2021-03-08T16:38:42","slug":"productos-esotericos-personalizados","status":"publish","type":"page","link":"https:\/\/yisselvidente.com\/en\/productos-esotericos-personalizados","title":{"rendered":"PERSONALIZED ESOTERIC PRODUCTS"},"content":{"rendered":"<p>&nbsp;<\/p>\n<p><img decoding=\"async\" class=\"aligncenter wp-image-647 size-medium lazyload\" title=\"esoteric magician products, personalised, efficient, magician candle, amulets, talismans, essences bathrooms, perfumes, spells, rituals, white magic, psychic \" data-src=\"https:\/\/yisselvidente.com\/wp-content\/uploads\/2018\/11\/esoterico-235266_1280-300x200.jpg\" alt=\"esoteric magician products, personalised, efficient, magician candle, amulets, talismans, essences bathrooms, perfumes, spells, rituals, white magic, psychic \" width=\"300\" height=\"200\" src=\"data:image\/svg+xml;base64,PHN2ZyB3aWR0aD0iMSIgaGVpZ2h0PSIxIiB4bWxucz0iaHR0cDovL3d3dy53My5vcmcvMjAwMC9zdmciPjwvc3ZnPg==\" style=\"--smush-placeholder-width: 300px; --smush-placeholder-aspect-ratio: 300\/200;\" \/><\/p>\n<p>&nbsp;<\/p>\n<p>It is not enough to acquire an esoteric product in one of the many stores or websites specialized in them, you also have to conjure them properly so that they really are effective. <strong>Buy only\u00a0personalized\u00a0esoteric products or magic items.<\/strong><\/p>\n<p>Everyone can not do it even if they follow the instructions in a Youtube video, since you have to put yourself in a state of concentration such that we are able to give the mental strength due to the product, without forgetting the magic of the symbols.<\/p>\n<p>This is the key that differentiates a good sorcerer or psychic.<\/p>\n<p>I use materials provided by mother nature, whose energy in each case is essential for the result and make these spells to customize the product and adapt it to the person and specific purpose.<\/p>\n<p>I can offer you amulets, candles, perfumes and bath essences for energetic cleaning, protection, good luck, success, businesses, abundance and many other purposes. <strong>GUARANTEED EFFECTIVENESS<\/strong><\/p>\n<p>You can consult from here and I will make a budget according to the case, since as I say it is totally personalized. <a href=\"https:\/\/yisselvidente.com\/contacto\">CONTACT ME<\/a><\/p>","protected":false},"excerpt":{"rendered":"<p>&nbsp; &nbsp; It is not enough to acquire an esoteric product in one of the many stores or websites specialized in them, you also have to conjure them properly so that they really are effective. Buy only\u00a0personalized\u00a0esoteric products or magic &#8230; <a class=\"more-link\" href=\"https:\/\/yisselvidente.com\/en\/productos-esotericos-personalizados\">Read More &raquo;<\/a><\/p>\n","protected":false},"author":1,"featured_media":0,"parent":0,"menu_order":0,"comment_status":"closed","ping_status":"closed","template":"","meta":{"footnotes":""},"class_list":["post-644","page","type-page","status-publish","hentry"],"yoast_head":"<!-- This site is optimized with the Yoast SEO plugin v27.3 - https:\/\/yoast.com\/product\/yoast-seo-wordpress\/ -->\n<title>PERSONALIZED ESOTERIC PRODUCTS - Yissel real psychic<\/title>\n<meta name=\"description\" content=\"No basta con compralos, sino que hay que conjurarlos debidamente para cada prop\u00f3sito espec\u00edfico. EFECTIVIDAD GARANTIZADA. Amuletos, velas, perfumes, ba\u00f1os.\" \/>\n<meta name=\"robots\" content=\"index, follow, max-snippet:-1, max-image-preview:large, max-video-preview:-1\" \/>\n<link rel=\"canonical\" href=\"https:\/\/yisselvidente.com\/productos-esotericos-personalizados\" \/>\n<meta property=\"og:locale\" content=\"en_US\" \/>\n<meta property=\"og:type\" content=\"article\" \/>\n<meta property=\"og:title\" content=\"PERSONALIZED ESOTERIC PRODUCTS - Yissel real psychic\" \/>\n<meta property=\"og:description\" content=\"No basta con compralos, sino que hay que conjurarlos debidamente para cada prop\u00f3sito espec\u00edfico. EFECTIVIDAD GARANTIZADA. Amuletos, velas, perfumes, ba\u00f1os.\" \/>\n<meta property=\"og:url\" content=\"https:\/\/yisselvidente.com\/productos-esotericos-personalizados\" \/>\n<meta property=\"og:site_name\" content=\"Yissel real psychic\" \/>\n<meta property=\"article:publisher\" content=\"https:\/\/www.facebook.com\/Yissel-Vidente-111654882843666\/\" \/>\n<meta property=\"article:modified_time\" content=\"2021-03-08T16:38:42+00:00\" \/>\n<meta property=\"og:image\" content=\"https:\/\/yisselvidente.com\/wp-content\/uploads\/2018\/11\/esoterico-235266_1280-300x200.jpg\" \/>\n<meta name=\"twitter:card\" content=\"summary_large_image\" \/>\n<meta name=\"twitter:site\" content=\"@yisselvidente\" \/>\n<meta name=\"twitter:label1\" content=\"Est. reading time\" \/>\n\t<meta name=\"twitter:data1\" content=\"1 minute\" \/>\n<script type=\"application\/ld+json\" class=\"yoast-schema-graph\">{\"@context\":\"https:\\\/\\\/schema.org\",\"@graph\":[{\"@type\":\"WebPage\",\"@id\":\"https:\\\/\\\/yisselvidente.com\\\/productos-esotericos-personalizados\",\"url\":\"https:\\\/\\\/yisselvidente.com\\\/productos-esotericos-personalizados\",\"name\":\"[:es]PRODUCTOS ESOTERICOS PERSONALIZADOS[:en]PERSONALIZED ESOTERIC PRODUCTS[:] - Yissel real psychic\",\"isPartOf\":{\"@id\":\"https:\\\/\\\/yisselvidente.com\\\/#website\"},\"primaryImageOfPage\":{\"@id\":\"https:\\\/\\\/yisselvidente.com\\\/productos-esotericos-personalizados#primaryimage\"},\"image\":{\"@id\":\"https:\\\/\\\/yisselvidente.com\\\/productos-esotericos-personalizados#primaryimage\"},\"thumbnailUrl\":\"https:\\\/\\\/yisselvidente.com\\\/wp-content\\\/uploads\\\/2018\\\/11\\\/esoterico-235266_1280-300x200.jpg\",\"datePublished\":\"2018-11-09T18:39:04+00:00\",\"dateModified\":\"2021-03-08T16:38:42+00:00\",\"description\":\"No basta con compralos, sino que hay que conjurarlos debidamente para cada prop\u00f3sito espec\u00edfico. EFECTIVIDAD GARANTIZADA. Amuletos, velas, perfumes, ba\u00f1os.\",\"breadcrumb\":{\"@id\":\"https:\\\/\\\/yisselvidente.com\\\/productos-esotericos-personalizados#breadcrumb\"},\"inLanguage\":\"en-US\",\"potentialAction\":[{\"@type\":\"ReadAction\",\"target\":[\"https:\\\/\\\/yisselvidente.com\\\/productos-esotericos-personalizados\"]}]},{\"@type\":\"ImageObject\",\"inLanguage\":\"en-US\",\"@id\":\"https:\\\/\\\/yisselvidente.com\\\/productos-esotericos-personalizados#primaryimage\",\"url\":\"https:\\\/\\\/yisselvidente.com\\\/wp-content\\\/uploads\\\/2018\\\/11\\\/esoterico-235266_1280-300x200.jpg\",\"contentUrl\":\"https:\\\/\\\/yisselvidente.com\\\/wp-content\\\/uploads\\\/2018\\\/11\\\/esoterico-235266_1280-300x200.jpg\"},{\"@type\":\"BreadcrumbList\",\"@id\":\"https:\\\/\\\/yisselvidente.com\\\/productos-esotericos-personalizados#breadcrumb\",\"itemListElement\":[{\"@type\":\"ListItem\",\"position\":1,\"name\":\"Portada\",\"item\":\"https:\\\/\\\/yisselvidente.com\\\/\"},{\"@type\":\"ListItem\",\"position\":2,\"name\":\"PRODUCTOS ESOTERICOS PERSONALIZADOS\"}]},{\"@type\":\"WebSite\",\"@id\":\"https:\\\/\\\/yisselvidente.com\\\/#website\",\"url\":\"https:\\\/\\\/yisselvidente.com\\\/\",\"name\":\"Yissel Vidente verdadera\",\"description\":\"Natural born psychic, honest and direct. Clairvoyant and medium.  Card reading, tarot, spells rituals, sentimental adviser, speciality relationship problems\",\"potentialAction\":[{\"@type\":\"SearchAction\",\"target\":{\"@type\":\"EntryPoint\",\"urlTemplate\":\"https:\\\/\\\/yisselvidente.com\\\/?s={search_term_string}\"},\"query-input\":{\"@type\":\"PropertyValueSpecification\",\"valueRequired\":true,\"valueName\":\"search_term_string\"}}],\"inLanguage\":\"en-US\"}]}<\/script>\n<!-- \/ Yoast SEO plugin. -->","yoast_head_json":{"title":"PERSONALIZED ESOTERIC PRODUCTS - Yissel real psychic","description":"No basta con compralos, sino que hay que conjurarlos debidamente para cada prop\u00f3sito espec\u00edfico. EFECTIVIDAD GARANTIZADA. Amuletos, velas, perfumes, ba\u00f1os.","robots":{"index":"index","follow":"follow","max-snippet":"max-snippet:-1","max-image-preview":"max-image-preview:large","max-video-preview":"max-video-preview:-1"},"canonical":"https:\/\/yisselvidente.com\/productos-esotericos-personalizados","og_locale":"en_US","og_type":"article","og_title":"PERSONALIZED ESOTERIC PRODUCTS - Yissel real psychic","og_description":"No basta con compralos, sino que hay que conjurarlos debidamente para cada prop\u00f3sito espec\u00edfico. EFECTIVIDAD GARANTIZADA. Amuletos, velas, perfumes, ba\u00f1os.","og_url":"https:\/\/yisselvidente.com\/productos-esotericos-personalizados","og_site_name":"Yissel real psychic","article_publisher":"https:\/\/www.facebook.com\/Yissel-Vidente-111654882843666\/","article_modified_time":"2021-03-08T16:38:42+00:00","og_image":[{"url":"https:\/\/yisselvidente.com\/wp-content\/uploads\/2018\/11\/esoterico-235266_1280-300x200.jpg","type":"","width":"","height":""}],"twitter_card":"summary_large_image","twitter_site":"@yisselvidente","twitter_misc":{"Est. reading time":"1 minute"},"schema":{"@context":"https:\/\/schema.org","@graph":[{"@type":"WebPage","@id":"https:\/\/yisselvidente.com\/productos-esotericos-personalizados","url":"https:\/\/yisselvidente.com\/productos-esotericos-personalizados","name":"[:es]PRODUCTOS ESOTERICOS PERSONALIZADOS[:en]PERSONALIZED ESOTERIC PRODUCTS[:] - Yissel real psychic","isPartOf":{"@id":"https:\/\/yisselvidente.com\/#website"},"primaryImageOfPage":{"@id":"https:\/\/yisselvidente.com\/productos-esotericos-personalizados#primaryimage"},"image":{"@id":"https:\/\/yisselvidente.com\/productos-esotericos-personalizados#primaryimage"},"thumbnailUrl":"https:\/\/yisselvidente.com\/wp-content\/uploads\/2018\/11\/esoterico-235266_1280-300x200.jpg","datePublished":"2018-11-09T18:39:04+00:00","dateModified":"2021-03-08T16:38:42+00:00","description":"No basta con compralos, sino que hay que conjurarlos debidamente para cada prop\u00f3sito espec\u00edfico. EFECTIVIDAD GARANTIZADA. Amuletos, velas, perfumes, ba\u00f1os.","breadcrumb":{"@id":"https:\/\/yisselvidente.com\/productos-esotericos-personalizados#breadcrumb"},"inLanguage":"en-US","potentialAction":[{"@type":"ReadAction","target":["https:\/\/yisselvidente.com\/productos-esotericos-personalizados"]}]},{"@type":"ImageObject","inLanguage":"en-US","@id":"https:\/\/yisselvidente.com\/productos-esotericos-personalizados#primaryimage","url":"https:\/\/yisselvidente.com\/wp-content\/uploads\/2018\/11\/esoterico-235266_1280-300x200.jpg","contentUrl":"https:\/\/yisselvidente.com\/wp-content\/uploads\/2018\/11\/esoterico-235266_1280-300x200.jpg"},{"@type":"BreadcrumbList","@id":"https:\/\/yisselvidente.com\/productos-esotericos-personalizados#breadcrumb","itemListElement":[{"@type":"ListItem","position":1,"name":"Portada","item":"https:\/\/yisselvidente.com\/"},{"@type":"ListItem","position":2,"name":"PRODUCTOS ESOTERICOS PERSONALIZADOS"}]},{"@type":"WebSite","@id":"https:\/\/yisselvidente.com\/#website","url":"https:\/\/yisselvidente.com\/","name":"Yissel Vidente verdadera","description":"Natural born psychic, honest and direct. Clairvoyant and medium.  Card reading, tarot, spells rituals, sentimental adviser, speciality relationship problems","potentialAction":[{"@type":"SearchAction","target":{"@type":"EntryPoint","urlTemplate":"https:\/\/yisselvidente.com\/?s={search_term_string}"},"query-input":{"@type":"PropertyValueSpecification","valueRequired":true,"valueName":"search_term_string"}}],"inLanguage":"en-US"}]}},"_links":{"self":[{"href":"https:\/\/yisselvidente.com\/en\/wp-json\/wp\/v2\/pages\/644","targetHints":{"allow":["GET"]}}],"collection":[{"href":"https:\/\/yisselvidente.com\/en\/wp-json\/wp\/v2\/pages"}],"about":[{"href":"https:\/\/yisselvidente.com\/en\/wp-json\/wp\/v2\/types\/page"}],"author":[{"embeddable":true,"href":"https:\/\/yisselvidente.com\/en\/wp-json\/wp\/v2\/users\/1"}],"replies":[{"embeddable":true,"href":"https:\/\/yisselvidente.com\/en\/wp-json\/wp\/v2\/comments?post=644"}],"version-history":[{"count":10,"href":"https:\/\/yisselvidente.com\/en\/wp-json\/wp\/v2\/pages\/644\/revisions"}],"predecessor-version":[{"id":950,"href":"https:\/\/yisselvidente.com\/en\/wp-json\/wp\/v2\/pages\/644\/revisions\/950"}],"wp:attachment":[{"href":"https:\/\/yisselvidente.com\/en\/wp-json\/wp\/v2\/media?parent=644"}],"curies":[{"name":"wp","href":"https:\/\/api.w.org\/{rel}","templated":true}]}}